{"id":9,"date":"2018-06-06T20:08:01","date_gmt":"2018-06-06T20:08:01","guid":{"rendered":"http:\/\/panomarketim.com\/?page_id=9"},"modified":"2018-06-08T20:29:49","modified_gmt":"2018-06-08T20:29:49","slug":"hakkimizda","status":"publish","type":"page","link":"https:\/\/panomarketim.com\/index.php\/hakkimizda\/","title":{"rendered":"Hakk\u0131m\u0131zda"},"content":{"rendered":"<p>Firmam\u0131z 1972 y\u0131l\u0131nda, Bulgaristan&#8217;da H\u00fcseyin \u015eEN taraf\u0131ndan kurulmu\u015ftur. Kuruldu\u011fu ilk g\u00fcnden bu g\u00fcne kadar bildi\u011fi her bilgiyi, geli\u015fen teknolojinin vermi\u015f oldu\u011fu imkanlar\u0131 kullanarak, kendine has proje ve tekniklerle, kimseyle payla\u015fmadan daha iyi ve benzersiz hizmet i\u00e7in buraday\u0131z.<\/p>\n<p>Amac\u0131m\u0131z para kazanmak de\u011fil, insan kazanmakt\u0131r.<\/p>\n","protected":false},"excerpt":{"rendered":"<p>Firmam\u0131z 1972 y\u0131l\u0131nda, Bulgaristan&#8217;da H\u00fcseyin \u015eEN taraf\u0131ndan kurulmu\u015ftur. Kuruldu\u011fu ilk g\u00fcnden bu g\u00fcne kadar bildi\u011fi her bilgiyi, geli\u015fen teknolojinin vermi\u015f oldu\u011fu imkanlar\u0131 kullanarak, kendine has proje ve tekniklerle, kimseyle payla\u015fmadan daha iyi ve benzersiz hizmet i\u00e7in buraday\u0131z. Amac\u0131m\u0131z para kazanmak de\u011fil, insan kazanmakt\u0131r.<\/p>\n","protected":false},"author":1,"featured_media":312,"parent":0,"menu_order":0,"comment_status":"closed","ping_status":"closed","template":"","meta":{"footnotes":""},"class_list":["post-9","page","type-page","status-publish","has-post-thumbnail","hentry"],"_links":{"self":[{"href":"https:\/\/panomarketim.com\/index.php\/wp-json\/wp\/v2\/pages\/9","targetHints":{"allow":["GET"]}}],"collection":[{"href":"https:\/\/panomarketim.com\/index.php\/wp-json\/wp\/v2\/pages"}],"about":[{"href":"https:\/\/panomarketim.com\/index.php\/wp-json\/wp\/v2\/types\/page"}],"author":[{"embeddable":true,"href":"https:\/\/panomarketim.com\/index.php\/wp-json\/wp\/v2\/users\/1"}],"replies":[{"embeddable":true,"href":"https:\/\/panomarketim.com\/index.php\/wp-json\/wp\/v2\/comments?post=9"}],"version-history":[{"count":4,"href":"https:\/\/panomarketim.com\/index.php\/wp-json\/wp\/v2\/pages\/9\/revisions"}],"predecessor-version":[{"id":311,"href":"https:\/\/panomarketim.com\/index.php\/wp-json\/wp\/v2\/pages\/9\/revisions\/311"}],"wp:featuredmedia":[{"embeddable":true,"href":"https:\/\/panomarketim.com\/index.php\/wp-json\/wp\/v2\/media\/312"}],"wp:attachment":[{"href":"https:\/\/panomarketim.com\/index.php\/wp-json\/wp\/v2\/media?parent=9"}],"curies":[{"name":"wp","href":"https:\/\/api.w.org\/{rel}","templated":true}]}}